{"id":845,"date":"2017-07-13T06:58:00","date_gmt":"2017-07-13T06:58:00","guid":{"rendered":"http:\/\/dummy.xtemos.com\/woodmart\/demos\/?page_id=845"},"modified":"2021-07-26T01:07:51","modified_gmt":"2021-07-25T22:07:51","slug":"about-us","status":"publish","type":"page","link":"https:\/\/eglobalgastro.com\/?page_id=845","title":{"rendered":"About Us"},"content":{"rendered":"<p>[vc_row css=&#8221;.vc_custom_1499600383384{margin-bottom: 8vh !important;}&#8221;][vc_column offset=&#8221;vc_col-lg-offset-2 vc_col-lg-8 vc_col-md-offset-2 vc_col-md-8 vc_col-sm-offset-0&#8243; css=&#8221;.vc_custom_1499599304156{padding-top: 0px !important;}&#8221;]\t\t\n\t\t<div id=\"wd-60fde055a5f0f\" class=\"title-wrapper  woodmart-title-color-default woodmart-title-style-default woodmart-title-width-100 text-center woodmart-title-size-extra-large vc_custom_1627250794997\">\n\t\t\t\t\t\t\n\t\t\t<div class=\"liner-continer\">\n\t\t\t\t<span class=\"left-line\"><\/span>\n\t\t\t\t<h4 class=\"woodmart-title-container title  woodmart-font-weight-\" >HAKKIMIZDA<\/h4>\t\t\t\t\t\t\t\t<span class=\"right-line\"><\/span>\n\t\t\t<\/div>\n\t\t\t\n\t\t\t\t\t\t\n\t\t\t\t\t<\/div>\n\t\t\n\t\t[vc_custom_heading text=&#8221;YURT \u0130\u00c7\u0130 VE YURT DI\u015eI T\u00dcM D\u00dcNYA GENEL\u0130 H\u0130ZMET VER\u0130YORUZ.&#8221; font_container=&#8221;tag:h6|font_size:22|text_align:left|color:%238e8e8e&#8221;][vc_row_inner][vc_column_inner width=&#8221;1\/2&#8243; css=&#8221;.vc_custom_1494857398526{padding-top: 0px !important;}&#8221;][vc_column_text css=&#8221;.vc_custom_1619559633297{margin-bottom: 20px !important;}&#8221; text_larger=&#8221;no&#8221;]End\u00fcstriyel mutfak alan\u0131nda Hotel, Cafe, Steakhouse, Pizzac\u0131, B\u00fcfe, Yemekhane,<br \/>\nPastane, Restaurant, Kebap\u00e7\u0131, D\u00f6ner vs i\u00e7inde mutfa\u011f\u0131n ve te\u015fhir standlar\u0131n\u0131n bulundu\u011fu her mekan\u0131n \u00fcr\u00fcn \u00fcretimini yap\u0131yoruz.<\/p>\n<p>Pasta dolaplar\u0131, Kebap Dolaplar\u0131, Market Dolaplar\u0131, Salatabarlar, S\u00fctl\u00fckler, Meyveler, Tezgahlar ve Duvar raflar\u0131 bunlar\u0131n belli ba\u015fl\u0131 \u00f6rneklerini olu\u015fturmaktad\u0131r.[\/vc_column_text][\/vc_column_inner][vc_column_inner width=&#8221;1\/2&#8243; css=&#8221;.vc_custom_1494857394949{padding-top: 0px !important;}&#8221;][vc_column_text css=&#8221;.vc_custom_1619559740949{margin-bottom: 20px !important;}&#8221; text_larger=&#8221;no&#8221;]<\/p>\n<p class=\"text-larger\">Ayn\u0131 zamanda Robot Cihaz, F\u0131r\u0131n, \u00c7ay Kazan\u0131, Kahve, Makinesi Bula\u015f\u0131k Makinesi, Hamur Makineleri vs A&#8217;dan Z&#8217;ye t\u00fcm cihaz ekipmanlar\u0131 elimizde mevcuttur.<\/p>\n<p>[\/vc_column_text][\/vc_column_inner][\/vc_row_inner][vc_separator color=&#8221;custom&#8221; accent_color=&#8221;rgba(10,10,10,0.12)&#8221; css=&#8221;.vc_custom_1499600318751{margin-bottom: 30px !important;padding-top: 10px !important;}&#8221;][\/vc_column][\/vc_row][vc_row full_width=&#8221;stretch_row_content_no_spaces&#8221; css=&#8221;.vc_custom_1499613417379{margin-bottom: -40px !important;}&#8221;][vc_column css=&#8221;.vc_custom_1499613529362{margin-bottom: 0px !important;padding-top: 0px !important;}&#8221;]\n\t\t\t<div id=\"carousel-119\" class=\"woodmart-carousel-container banners-carousel-wrapper  woodmart-carousel-spacing-0\" data-owl-carousel data-hide_pagination_control=\"yes\" data-hide_prev_next_buttons=\"yes\" data-dragEndSpeed=\"600\" data-desktop=\"3\" data-tablet_landscape=\"3\" data-tablet=\"2\" data-mobile=\"1\">\n\t\t\t\t<div class=\"owl-carousel banners-carousel  owl-items-lg-3 owl-items-md-3 owl-items-sm-2 owl-items-xs-1\" >\n\t\t\t\t\t\t\t<div class=\"promo-banner-wrapper\">\n\t\t\t<div id=\"wd-69ebc57d01d33\" class=\"promo-banner banner-vr-align-bottom banner-hr-align-left banner-mask banner-hover-zoom-reverse color-scheme-light banner-btn-size-small banner-btn-style-3d wd-display-image banner-increased-padding  with-btn banner-btn-position-hover cursor-pointer\" onclick=\"window.location.href='#'\" >\n\n\t\t\t\t<div class=\"main-wrapp-img\">\n\t\t\t\t\t\t\t\t\t\t\t<div class=\"banner-image\">\n\t\t\t\t\t\t\t<img loading=\"lazy\" decoding=\"async\" class=\"promo-banner-image \" src=\"https:\/\/eglobalgastro.com\/wp-content\/uploads\/2017\/06\/wood-portfolio-placeholder-3-700x450.jpg\" width=\"700\" height=\"450\" alt=\"wood-portfolio-placeholder\" title=\"wood-portfolio-placeholder\" \/>\t\t\t\t\t\t<\/div>\n\t\t\t\t\t\t\t\t\t<\/div>\n\n\t\t\t\t<div class=\"wrapper-content-banner \">\n\t\t\t\t\t<div class=\"content-banner text-left content-width-100\">\n\t\t\t\t\t\t\t<div class=\"banner-title-wrap banner-title-large\"><h4 class=\"banner-title woodmart-font-weight-\">It is a fact that a reader will be distracted.<\/h4><\/div>\n\t\t\t\t\t\t\t\t\t\t\t\t\t<div class=\"banner-inner reset-mb-10 content-size-default\">\n\t\t\t\t\t\t\t\t<p>Ullamcorper vehicula at ultrices sed interdum et malesuada<\/p>\n\t\t\t\t\t\t\t<\/div>\n\t\t\t\t\t\t\t\t\t\t\t\t<div class=\"banner-btn-wrapper\"><div id=\"wd-69ebc57d02295\" class=\"woodmart-button-wrapper text-left\"><a  class=\"btn btn-color-primary btn-style-3d btn-shape-rectangle btn-size-small\">Read more<\/a><\/div><\/div>\t\t\t\t\t<\/div>\n\t\t\t\t<\/div>\n\t\t\t\t\t\t\t<\/div>\n\t\t<\/div>\n\t\t\n\t\t\t\t<div class=\"promo-banner-wrapper\">\n\t\t\t<div id=\"wd-69ebc57d022dc\" class=\"promo-banner banner-vr-align-bottom banner-hr-align-left banner-mask banner-hover-zoom-reverse color-scheme-light banner-btn-size-small banner-btn-style-3d wd-display-image banner-increased-padding  with-btn banner-btn-position-hover cursor-pointer\" onclick=\"window.location.href='#'\" >\n\n\t\t\t\t<div class=\"main-wrapp-img\">\n\t\t\t\t\t\t\t\t\t\t\t<div class=\"banner-image\">\n\t\t\t\t\t\t\t<img loading=\"lazy\" decoding=\"async\" class=\"promo-banner-image \" src=\"https:\/\/eglobalgastro.com\/wp-content\/uploads\/2017\/06\/wood-portfolio-placeholder-3-700x450.jpg\" width=\"700\" height=\"450\" alt=\"wood-portfolio-placeholder\" title=\"wood-portfolio-placeholder\" \/>\t\t\t\t\t\t<\/div>\n\t\t\t\t\t\t\t\t\t<\/div>\n\n\t\t\t\t<div class=\"wrapper-content-banner \">\n\t\t\t\t\t<div class=\"content-banner text-left content-width-100\">\n\t\t\t\t\t\t\t<div class=\"banner-title-wrap banner-title-large\"><h4 class=\"banner-title woodmart-font-weight-\">By the readable content of a page when looking.<\/h4><\/div>\n\t\t\t\t\t\t\t\t\t\t\t\t\t<div class=\"banner-inner reset-mb-10 content-size-default\">\n\t\t\t\t\t\t\t\t<p>Patibus elementum a dictum ipiscing parturient donec eros.<\/p>\n\t\t\t\t\t\t\t<\/div>\n\t\t\t\t\t\t\t\t\t\t\t\t<div class=\"banner-btn-wrapper\"><div id=\"wd-69ebc57d0248a\" class=\"woodmart-button-wrapper text-left\"><a  class=\"btn btn-color-primary btn-style-3d btn-shape-rectangle btn-size-small\">Read more<\/a><\/div><\/div>\t\t\t\t\t<\/div>\n\t\t\t\t<\/div>\n\t\t\t\t\t\t\t<\/div>\n\t\t<\/div>\n\t\t\n\t\t\t\t<div class=\"promo-banner-wrapper\">\n\t\t\t<div id=\"wd-69ebc57d024bc\" class=\"promo-banner banner-vr-align-bottom banner-hr-align-left banner-mask banner-hover-zoom-reverse color-scheme-light banner-btn-size-small banner-btn-style-3d wd-display-image banner-increased-padding  with-btn banner-btn-position-hover cursor-pointer\" onclick=\"window.location.href='#'\" >\n\n\t\t\t\t<div class=\"main-wrapp-img\">\n\t\t\t\t\t\t\t\t\t\t\t<div class=\"banner-image\">\n\t\t\t\t\t\t\t<img loading=\"lazy\" decoding=\"async\" class=\"promo-banner-image \" src=\"https:\/\/eglobalgastro.com\/wp-content\/uploads\/2017\/06\/wood-portfolio-placeholder-3-700x450.jpg\" width=\"700\" height=\"450\" alt=\"wood-portfolio-placeholder\" title=\"wood-portfolio-placeholder\" \/>\t\t\t\t\t\t<\/div>\n\t\t\t\t\t\t\t\t\t<\/div>\n\n\t\t\t\t<div class=\"wrapper-content-banner \">\n\t\t\t\t\t<div class=\"content-banner text-left content-width-100\">\n\t\t\t\t\t\t\t<div class=\"banner-title-wrap banner-title-large\"><h4 class=\"banner-title woodmart-font-weight-\">The point of using Lorem Ipsum is that it has.<\/h4><\/div>\n\t\t\t\t\t\t\t\t\t\t\t\t\t<div class=\"banner-inner reset-mb-10 content-size-default\">\n\t\t\t\t\t\t\t\t<p>Ullamcorper vehicula at ultrices sed interdum ullamcorper .<\/p>\n\t\t\t\t\t\t\t<\/div>\n\t\t\t\t\t\t\t\t\t\t\t\t<div class=\"banner-btn-wrapper\"><div id=\"wd-69ebc57d0266c\" class=\"woodmart-button-wrapper text-left\"><a  class=\"btn btn-color-primary btn-style-3d btn-shape-rectangle btn-size-small\">Read more<\/a><\/div><\/div>\t\t\t\t\t<\/div>\n\t\t\t\t<\/div>\n\t\t\t\t\t\t\t<\/div>\n\t\t<\/div>\n\t\t\n\t\t\t\t\t\t<\/div>\n\t\t\t<\/div>\n\n\t\t[\/vc_column][\/vc_row]<\/p>\n","protected":false},"excerpt":{"rendered":"<p>[vc_row css=&#8221;.vc_custom_1499600383384{margin-bottom: 8vh !important;}&#8221;][vc_column offset=&#8221;vc_col-lg-offset-2 vc_col-lg-8 vc_col-md-offset-2 vc_col-md-8 vc_col-sm-offset-0&#8243; css=&#8221;.vc_custom_1499599304156{padding-top: 0px !important;}&#8221;][vc_custom_heading text=&#8221;YURT \u0130\u00c7\u0130 VE YURT DI\u015eI T\u00dcM D\u00dcNYA GENEL\u0130<\/p>\n","protected":false},"author":1,"featured_media":0,"parent":0,"menu_order":0,"comment_status":"closed","ping_status":"closed","template":"","meta":{"_monsterinsights_skip_tracking":false,"_monsterinsights_sitenote_active":false,"_monsterinsights_sitenote_note":"","_monsterinsights_sitenote_category":0,"footnotes":""},"class_list":["post-845","page","type-page","status-publish","hentry"],"_links":{"self":[{"href":"https:\/\/eglobalgastro.com\/index.php?rest_route=\/wp\/v2\/pages\/845","targetHints":{"allow":["GET"]}}],"collection":[{"href":"https:\/\/eglobalgastro.com\/index.php?rest_route=\/wp\/v2\/pages"}],"about":[{"href":"https:\/\/eglobalgastro.com\/index.php?rest_route=\/wp\/v2\/types\/page"}],"author":[{"embeddable":true,"href":"https:\/\/eglobalgastro.com\/index.php?rest_route=\/wp\/v2\/users\/1"}],"replies":[{"embeddable":true,"href":"https:\/\/eglobalgastro.com\/index.php?rest_route=%2Fwp%2Fv2%2Fcomments&post=845"}],"version-history":[{"count":6,"href":"https:\/\/eglobalgastro.com\/index.php?rest_route=\/wp\/v2\/pages\/845\/revisions"}],"predecessor-version":[{"id":7593,"href":"https:\/\/eglobalgastro.com\/index.php?rest_route=\/wp\/v2\/pages\/845\/revisions\/7593"}],"wp:attachment":[{"href":"https:\/\/eglobalgastro.com\/index.php?rest_route=%2Fwp%2Fv2%2Fmedia&parent=845"}],"curies":[{"name":"wp","href":"https:\/\/api.w.org\/{rel}","templated":true}]}}