{"id":45,"date":"2017-06-14T08:22:56","date_gmt":"2017-06-14T08:22:56","guid":{"rendered":"http:\/\/dummy.xtemos.com\/woodmart\/?post_type=product&#038;p=45"},"modified":"2024-12-15T01:33:32","modified_gmt":"2024-12-14T22:33:32","slug":"smart-watches-wood-edition","status":"publish","type":"product","link":"https:\/\/eglobalgastro.com\/?product=smart-watches-wood-edition","title":{"rendered":"F\u0131r\u0131n Pastane Tezgah\u0131"},"content":{"rendered":"<p>[vc_row content_placement=&#8221;top&#8221;][vc_column width=&#8221;1\/2&#8243;][vc_column_text]Cubilia vestibulum interdum nisl a parturient a auctor vestibulum taciti vel bibendum tempor adipiscing suspendisse posuere libero penatibus lorem at interdum tristique iaculis redosan condimentum a ac rutrum mollis consectetur. Aenean nascetur vehicula egestas a adipiscing a est egestas suspendisse parturient diam adipiscing mattis elementum velit pulvinar suscipit sagittis facilisis facilisi tortor morbi at aliquam.<\/p>\n<blockquote><p>Netus nisi volutpat donec condimentum nunc eu sem odio condimentum hendrerit nisl mollis scelerisque ad vitae a eu.<\/p><\/blockquote>\n<p>Etiam dictumst congue a non class risus sed a. Diam adipiscing a condimentum in a nisl a maecenas libero pharetra tincidunt phasellus justo molestie bibendum. Vestibulum penatibus vestibulum lobortis vehicula euismod a platea taciti a eget in nec cum eget curabitur justo id enim mi velit at cum. Eu amet ut elit a sociis himenaeos eros nunc at pharetra magna suscipit.[\/vc_column_text][\/vc_column][vc_column width=&#8221;1\/2&#8243; css=&#8221;.vc_custom_1490694541710{padding-top: 0px !important;}&#8221;][vc_row_inner content_placement=&#8221;top&#8221;][vc_column_inner width=&#8221;1\/2&#8243; css=&#8221;.vc_custom_1490695008312{margin-bottom: 20px !important;}&#8221;]\t\t\t<div class=\"info-box-wrapper \">\n\t\t\t\t<div id=\"wd-69e0607cb1729\" class=\" woodmart-info-box text-center box-icon-align-top box-style- color-scheme- woodmart-bg-none box-title-small vc_custom_1497428277136\"  >\n\t\t\t\t\t\t\t\t\t\t\t<div class=\"box-icon-wrapper  box-with-icon box-icon-simple\">\n\t\t\t\t\t\t\t<div class=\"info-box-icon\">\n\n\t\t\t\t\t\t\t\n\t\t\t\t\t\t\t\t\t\t\t\t\t\t\t\t\t<div class=\"info-svg-wrapper info-icon\" style=\"width: 50px;height: 50px;\"><svg version=\"1.1\" id=\"svg-1142\" xmlns=\"http:\/\/www.w3.org\/2000\/svg\" xmlns:xlink=\"http:\/\/www.w3.org\/1999\/xlink\" x=\"0px\" y=\"0px\"\n\t viewBox=\"0 0 60 60\" style=\"enable-background:new 0 0 60 60;\" xml:space=\"preserve\">\n<g>\n\t<path d=\"M30,0C13.458,0,0,13.458,0,30s13.458,30,30,30s30-13.458,30-30S46.542,0,30,0z M30,58C14.561,58,2,45.439,2,30\n\t\tS14.561,2,30,2s28,12.561,28,28S45.439,58,30,58z\"\/>\n\t<path d=\"M30,6c-0.552,0-1,0.447-1,1v23H14c-0.552,0-1,0.447-1,1s0.448,1,1,1h16c0.552,0,1-0.447,1-1V7C31,6.447,30.552,6,30,6z\"\/>\n<\/g>\n<g>\n<\/g>\n<g>\n<\/g>\n<g>\n<\/g>\n<g>\n<\/g>\n<g>\n<\/g>\n<g>\n<\/g>\n<g>\n<\/g>\n<g>\n<\/g>\n<g>\n<\/g>\n<g>\n<\/g>\n<g>\n<\/g>\n<g>\n<\/g>\n<g>\n<\/g>\n<g>\n<\/g>\n<g>\n<\/g>\n<\/svg>\n<\/div>\t\t\t\t\t\t\t\t\t\t\t\t\t\t\t\t\n\t\t\t\t\t\t\t\n\t\t\t\t\t\t\t<\/div>\n\t\t\t\t\t\t<\/div>\n\t\t\t\t\t\t\t\t\t\t<div class=\"info-box-content\">\n\t\t\t\t\t\t<h4 class=\"info-box-title woodmart-font-weight- box-title-style-default\">SAGITTIS MALESUAD<\/h4>\t\t\t\t\t\t<div class=\"info-box-inner reset-mb-10\">\n\t\t\t\t\t\t\t<\/p>\n<p style=\"text-align: center;\">Ridiculus facilisi\u00a0condimentum ridiculus tristique nostra litora parturient risus<\/p>\n<p>\n\t\t\t\t\t\t<\/div>\n\n\t\t\t\t\t\t\t\t\t\t\t\t\n\t\t\t\t\t<\/div>\n\n\t\t\t\t\t\t\t\t\t<\/div>\n\t\t\t<\/div>\n\t\t[\/vc_column_inner][vc_column_inner width=&#8221;1\/2&#8243; css=&#8221;.vc_custom_1490695011353{margin-bottom: 20px !important;}&#8221;]\t\t\t<div class=\"info-box-wrapper \">\n\t\t\t\t<div id=\"wd-69e0607cb1e23\" class=\" woodmart-info-box text-center box-icon-align-top box-style- color-scheme- woodmart-bg-none box-title-small vc_custom_1497428301728\"  >\n\t\t\t\t\t\t\t\t\t\t\t<div class=\"box-icon-wrapper  box-with-icon box-icon-simple\">\n\t\t\t\t\t\t\t<div class=\"info-box-icon\">\n\n\t\t\t\t\t\t\t\n\t\t\t\t\t\t\t\t\t\t\t\t\t\t\t\t\t<div class=\"info-svg-wrapper info-icon\" style=\"width: 50px;height: 50px;\"><svg version=\"1.1\" id=\"svg-2088\" xmlns=\"http:\/\/www.w3.org\/2000\/svg\" xmlns:xlink=\"http:\/\/www.w3.org\/1999\/xlink\" x=\"0px\" y=\"0px\"\n\t viewBox=\"0 0 60 60\" style=\"enable-background:new 0 0 60 60;\" xml:space=\"preserve\">\n<g>\n\t<path d=\"M30,0C13.458,0,0,13.458,0,30s13.458,30,30,30s30-13.458,30-30S46.542,0,30,0z M30,58C14.561,58,2,45.439,2,30\n\t\tS14.561,2,30,2s28,12.561,28,28S45.439,58,30,58z\"\/>\n\t<path d=\"M30,6c-0.552,0-1,0.447-1,1v23H14c-0.552,0-1,0.447-1,1s0.448,1,1,1h16c0.552,0,1-0.447,1-1V7C31,6.447,30.552,6,30,6z\"\/>\n<\/g>\n<g>\n<\/g>\n<g>\n<\/g>\n<g>\n<\/g>\n<g>\n<\/g>\n<g>\n<\/g>\n<g>\n<\/g>\n<g>\n<\/g>\n<g>\n<\/g>\n<g>\n<\/g>\n<g>\n<\/g>\n<g>\n<\/g>\n<g>\n<\/g>\n<g>\n<\/g>\n<g>\n<\/g>\n<g>\n<\/g>\n<\/svg>\n<\/div>\t\t\t\t\t\t\t\t\t\t\t\t\t\t\t\t\n\t\t\t\t\t\t\t\n\t\t\t\t\t\t\t<\/div>\n\t\t\t\t\t\t<\/div>\n\t\t\t\t\t\t\t\t\t\t<div class=\"info-box-content\">\n\t\t\t\t\t\t<h4 class=\"info-box-title woodmart-font-weight- box-title-style-default\">LITORA PARTURIENT<\/h4>\t\t\t\t\t\t<div class=\"info-box-inner reset-mb-10\">\n\t\t\t\t\t\t\t<\/p>\n<p style=\"text-align: center;\">Ridiculus facilisi\u00a0condimentum ridiculus tristique nostra litora parturient risus<\/p>\n<p>\n\t\t\t\t\t\t<\/div>\n\n\t\t\t\t\t\t\t\t\t\t\t\t\n\t\t\t\t\t<\/div>\n\n\t\t\t\t\t\t\t\t\t<\/div>\n\t\t\t<\/div>\n\t\t[\/vc_column_inner][vc_column_inner width=&#8221;1\/2&#8243; css=&#8221;.vc_custom_1490694847874{margin-bottom: 20px !important;}&#8221;]\t\t\t<div class=\"info-box-wrapper \">\n\t\t\t\t<div id=\"wd-69e0607cb1fe5\" class=\" woodmart-info-box text-center box-icon-align-top box-style- color-scheme- woodmart-bg-none box-title-small vc_custom_1497428311014\"  >\n\t\t\t\t\t\t\t\t\t\t\t<div class=\"box-icon-wrapper  box-with-icon box-icon-simple\">\n\t\t\t\t\t\t\t<div class=\"info-box-icon\">\n\n\t\t\t\t\t\t\t\n\t\t\t\t\t\t\t\t\t\t\t\t\t\t\t\t\t<div class=\"info-svg-wrapper info-icon\" style=\"width: 50px;height: 50px;\"><svg version=\"1.1\" id=\"svg-1818\" xmlns=\"http:\/\/www.w3.org\/2000\/svg\" xmlns:xlink=\"http:\/\/www.w3.org\/1999\/xlink\" x=\"0px\" y=\"0px\"\n\t viewBox=\"0 0 60 60\" style=\"enable-background:new 0 0 60 60;\" xml:space=\"preserve\">\n<g>\n\t<path d=\"M30,0C13.458,0,0,13.458,0,30s13.458,30,30,30s30-13.458,30-30S46.542,0,30,0z M30,58C14.561,58,2,45.439,2,30\n\t\tS14.561,2,30,2s28,12.561,28,28S45.439,58,30,58z\"\/>\n\t<path d=\"M30,6c-0.552,0-1,0.447-1,1v23H14c-0.552,0-1,0.447-1,1s0.448,1,1,1h16c0.552,0,1-0.447,1-1V7C31,6.447,30.552,6,30,6z\"\/>\n<\/g>\n<g>\n<\/g>\n<g>\n<\/g>\n<g>\n<\/g>\n<g>\n<\/g>\n<g>\n<\/g>\n<g>\n<\/g>\n<g>\n<\/g>\n<g>\n<\/g>\n<g>\n<\/g>\n<g>\n<\/g>\n<g>\n<\/g>\n<g>\n<\/g>\n<g>\n<\/g>\n<g>\n<\/g>\n<g>\n<\/g>\n<\/svg>\n<\/div>\t\t\t\t\t\t\t\t\t\t\t\t\t\t\t\t\n\t\t\t\t\t\t\t\n\t\t\t\t\t\t\t<\/div>\n\t\t\t\t\t\t<\/div>\n\t\t\t\t\t\t\t\t\t\t<div class=\"info-box-content\">\n\t\t\t\t\t\t<h4 class=\"info-box-title woodmart-font-weight- box-title-style-default\">NISI VOLUTPAT<\/h4>\t\t\t\t\t\t<div class=\"info-box-inner reset-mb-10\">\n\t\t\t\t\t\t\t<\/p>\n<p style=\"text-align: center;\">Ridiculus facilisi\u00a0condimentum ridiculus tristique nostra litora parturient risus<\/p>\n<p>\n\t\t\t\t\t\t<\/div>\n\n\t\t\t\t\t\t\t\t\t\t\t\t\n\t\t\t\t\t<\/div>\n\n\t\t\t\t\t\t\t\t\t<\/div>\n\t\t\t<\/div>\n\t\t[\/vc_column_inner][vc_column_inner width=&#8221;1\/2&#8243; css=&#8221;.vc_custom_1490694856753{margin-bottom: 20px !important;}&#8221;]\t\t\t<div class=\"info-box-wrapper \">\n\t\t\t\t<div id=\"wd-69e0607cb212d\" class=\" woodmart-info-box text-center box-icon-align-top box-style- color-scheme- woodmart-bg-none box-title-small vc_custom_1497428319982\"  >\n\t\t\t\t\t\t\t\t\t\t\t<div class=\"box-icon-wrapper  box-with-icon box-icon-simple\">\n\t\t\t\t\t\t\t<div class=\"info-box-icon\">\n\n\t\t\t\t\t\t\t\n\t\t\t\t\t\t\t\t\t\t\t\t\t\t\t\t\t<div class=\"info-svg-wrapper info-icon\" style=\"width: 50px;height: 50px;\"><svg version=\"1.1\" id=\"svg-9548\" xmlns=\"http:\/\/www.w3.org\/2000\/svg\" xmlns:xlink=\"http:\/\/www.w3.org\/1999\/xlink\" x=\"0px\" y=\"0px\"\n\t viewBox=\"0 0 60 60\" style=\"enable-background:new 0 0 60 60;\" xml:space=\"preserve\">\n<g>\n\t<path d=\"M30,0C13.458,0,0,13.458,0,30s13.458,30,30,30s30-13.458,30-30S46.542,0,30,0z M30,58C14.561,58,2,45.439,2,30\n\t\tS14.561,2,30,2s28,12.561,28,28S45.439,58,30,58z\"\/>\n\t<path d=\"M30,6c-0.552,0-1,0.447-1,1v23H14c-0.552,0-1,0.447-1,1s0.448,1,1,1h16c0.552,0,1-0.447,1-1V7C31,6.447,30.552,6,30,6z\"\/>\n<\/g>\n<g>\n<\/g>\n<g>\n<\/g>\n<g>\n<\/g>\n<g>\n<\/g>\n<g>\n<\/g>\n<g>\n<\/g>\n<g>\n<\/g>\n<g>\n<\/g>\n<g>\n<\/g>\n<g>\n<\/g>\n<g>\n<\/g>\n<g>\n<\/g>\n<g>\n<\/g>\n<g>\n<\/g>\n<g>\n<\/g>\n<\/svg>\n<\/div>\t\t\t\t\t\t\t\t\t\t\t\t\t\t\t\t\n\t\t\t\t\t\t\t\n\t\t\t\t\t\t\t<\/div>\n\t\t\t\t\t\t<\/div>\n\t\t\t\t\t\t\t\t\t\t<div class=\"info-box-content\">\n\t\t\t\t\t\t<h4 class=\"info-box-title woodmart-font-weight- box-title-style-default\">TRISTIQUE IACULIS<\/h4>\t\t\t\t\t\t<div class=\"info-box-inner reset-mb-10\">\n\t\t\t\t\t\t\t<\/p>\n<p style=\"text-align: center;\">Ridiculus facilisi\u00a0condimentum ridiculus tristique nostra litora parturient risus<\/p>\n<p>\n\t\t\t\t\t\t<\/div>\n\n\t\t\t\t\t\t\t\t\t\t\t\t\n\t\t\t\t\t<\/div>\n\n\t\t\t\t\t\t\t\t\t<\/div>\n\t\t\t<\/div>\n\t\t[\/vc_column_inner][\/vc_row_inner][\/vc_column][\/vc_row]<\/p>\n","protected":false},"excerpt":{"rendered":"<p>[vc_row content_placement=&#8221;top&#8221;][vc_column width=&#8221;1\/2&#8243;][vc_column_text]Cubilia vestibulum interdum nisl a parturient a auctor vestibulum taciti vel bibendum tempor adipiscing suspendisse posuere libero penatibus<\/p>\n","protected":false},"featured_media":7154,"comment_status":"open","ping_status":"closed","template":"","meta":{"_monsterinsights_skip_tracking":false,"_monsterinsights_sitenote_active":false,"_monsterinsights_sitenote_note":"","_monsterinsights_sitenote_category":0},"product_cat":[15,42,43,44,39,41,40],"product_tag":[],"class_list":{"0":"post-45","1":"product","2":"type-product","3":"status-publish","4":"has-post-thumbnail","6":"product_cat-genel","7":"product_cat-baklavatezahi","8":"product_cat-accessories","9":"product_cat-gidahazirlama","10":"product_cat-gidasogutmasaklama","11":"product_cat-clocks","12":"product_cat-lighting","14":"first","15":"instock","16":"shipping-taxable","17":"product-type-simple"},"_links":{"self":[{"href":"https:\/\/eglobalgastro.com\/index.php?rest_route=\/wp\/v2\/product\/45","targetHints":{"allow":["GET"]}}],"collection":[{"href":"https:\/\/eglobalgastro.com\/index.php?rest_route=\/wp\/v2\/product"}],"about":[{"href":"https:\/\/eglobalgastro.com\/index.php?rest_route=\/wp\/v2\/types\/product"}],"replies":[{"embeddable":true,"href":"https:\/\/eglobalgastro.com\/index.php?rest_route=%2Fwp%2Fv2%2Fcomments&post=45"}],"version-history":[{"count":1,"href":"https:\/\/eglobalgastro.com\/index.php?rest_route=\/wp\/v2\/product\/45\/revisions"}],"predecessor-version":[{"id":7153,"href":"https:\/\/eglobalgastro.com\/index.php?rest_route=\/wp\/v2\/product\/45\/revisions\/7153"}],"wp:featuredmedia":[{"embeddable":true,"href":"https:\/\/eglobalgastro.com\/index.php?rest_route=\/wp\/v2\/media\/7154"}],"wp:attachment":[{"href":"https:\/\/eglobalgastro.com\/index.php?rest_route=%2Fwp%2Fv2%2Fmedia&parent=45"}],"wp:term":[{"taxonomy":"product_cat","embeddable":true,"href":"https:\/\/eglobalgastro.com\/index.php?rest_route=%2Fwp%2Fv2%2Fproduct_cat&post=45"},{"taxonomy":"product_tag","embeddable":true,"href":"https:\/\/eglobalgastro.com\/index.php?rest_route=%2Fwp%2Fv2%2Fproduct_tag&post=45"}],"curies":[{"name":"wp","href":"https:\/\/api.w.org\/{rel}","templated":true}]}}