{"id":50,"date":"2017-06-14T08:50:29","date_gmt":"2017-06-14T08:50:29","guid":{"rendered":"http:\/\/dummy.xtemos.com\/woodmart\/?post_type=product&#038;p=50"},"modified":"2021-04-27T16:26:53","modified_gmt":"2021-04-27T13:26:53","slug":"iphone-dock","status":"publish","type":"product","link":"https:\/\/eglobalgastro.com\/?product=iphone-dock","title":{"rendered":"F\u0131r\u0131n Pastane Tezgah\u0131"},"content":{"rendered":"<p>[vc_row equal_height=&#8221;yes&#8221; content_placement=&#8221;top&#8221;][vc_column width=&#8221;1\/3&#8243; css=&#8221;.vc_custom_1492614290511{margin-bottom: 35px !important;padding-right: 30px !important;padding-bottom: 30px !important;padding-left: 30px !important;}&#8221;]\t\t\n\t\t<div id=\"wd-6a08f2d2b2003\" class=\"title-wrapper  woodmart-title-color-default woodmart-title-style-default woodmart-title-width-100 text-left woodmart-title-size-default \">\n\t\t\t\t\t\t\n\t\t\t<div class=\"liner-continer\">\n\t\t\t\t<span class=\"left-line\"><\/span>\n\t\t\t\t<h4 class=\"woodmart-title-container title  woodmart-font-weight-\" >VESTIBULUM TEMPUS METUS<\/h4>\t\t\t\t\t\t\t\t<span class=\"right-line\"><\/span>\n\t\t\t<\/div>\n\t\t\t\n\t\t\t\t\t\t\n\t\t\t\t\t<\/div>\n\t\t\n\t\t[vc_column_text css=&#8221;.vc_custom_1493038754637{margin-bottom: 20px !important;}&#8221;]<\/p>\n<p>[\/vc_column_text][vc_column_text css=&#8221;.vc_custom_1493038891651{margin-bottom: 0px !important;}&#8221;]Commodo parturient tincidunt condim entum vestibulum <a href=\"#\"><strong>dolor laoreet<\/strong><\/a> eros suspen disse magna torquent ac condi mentum arcu <a href=\"#\"><strong>parturient<\/strong><\/a> nec disse magna torquent ac condi mentum arcu parturient nec.[\/vc_column_text][\/vc_column][vc_column width=&#8221;1\/3&#8243;][vc_single_image image=&#8221;43&#8243; img_size=&#8221;full&#8221; css=&#8221;.vc_custom_1497429162820{margin-bottom: 0px !important;}&#8221;][\/vc_column][vc_column width=&#8221;1\/3&#8243;][vc_single_image image=&#8221;43&#8243; img_size=&#8221;full&#8221; css=&#8221;.vc_custom_1497429171774{margin-bottom: 0px !important;}&#8221;][\/vc_column][\/vc_row]<\/p>\n","protected":false},"excerpt":{"rendered":"<p>Consequat a scelerisque suspendisse vel et eget eu vitae adipiscing nibh scelerisque semper cum adipiscing facilisis adipiscing est accumsan lorem vestibulum.<\/p>\n","protected":false},"featured_media":7164,"comment_status":"open","ping_status":"closed","template":"","meta":{"_monsterinsights_skip_tracking":false,"_monsterinsights_sitenote_active":false,"_monsterinsights_sitenote_note":"","_monsterinsights_sitenote_category":0},"product_cat":[15,42,43,44,39,41,40],"product_tag":[],"class_list":{"0":"post-50","1":"product","2":"type-product","3":"status-publish","4":"has-post-thumbnail","6":"product_cat-genel","7":"product_cat-baklavatezahi","8":"product_cat-accessories","9":"product_cat-gidahazirlama","10":"product_cat-gidasogutmasaklama","11":"product_cat-clocks","12":"product_cat-lighting","14":"first","15":"instock","16":"shipping-taxable","17":"product-type-simple"},"_links":{"self":[{"href":"https:\/\/eglobalgastro.com\/index.php?rest_route=\/wp\/v2\/product\/50","targetHints":{"allow":["GET"]}}],"collection":[{"href":"https:\/\/eglobalgastro.com\/index.php?rest_route=\/wp\/v2\/product"}],"about":[{"href":"https:\/\/eglobalgastro.com\/index.php?rest_route=\/wp\/v2\/types\/product"}],"replies":[{"embeddable":true,"href":"https:\/\/eglobalgastro.com\/index.php?rest_route=%2Fwp%2Fv2%2Fcomments&post=50"}],"version-history":[{"count":1,"href":"https:\/\/eglobalgastro.com\/index.php?rest_route=\/wp\/v2\/product\/50\/revisions"}],"predecessor-version":[{"id":7160,"href":"https:\/\/eglobalgastro.com\/index.php?rest_route=\/wp\/v2\/product\/50\/revisions\/7160"}],"wp:featuredmedia":[{"embeddable":true,"href":"https:\/\/eglobalgastro.com\/index.php?rest_route=\/wp\/v2\/media\/7164"}],"wp:attachment":[{"href":"https:\/\/eglobalgastro.com\/index.php?rest_route=%2Fwp%2Fv2%2Fmedia&parent=50"}],"wp:term":[{"taxonomy":"product_cat","embeddable":true,"href":"https:\/\/eglobalgastro.com\/index.php?rest_route=%2Fwp%2Fv2%2Fproduct_cat&post=50"},{"taxonomy":"product_tag","embeddable":true,"href":"https:\/\/eglobalgastro.com\/index.php?rest_route=%2Fwp%2Fv2%2Fproduct_tag&post=50"}],"curies":[{"name":"wp","href":"https:\/\/api.w.org\/{rel}","templated":true}]}}