{"id":7128,"date":"2021-04-27T15:42:08","date_gmt":"2021-04-27T12:42:08","guid":{"rendered":"http:\/\/avrupaemutfak.com\/?post_type=product&#038;p=7128"},"modified":"2021-04-27T15:42:08","modified_gmt":"2021-04-27T12:42:08","slug":"firin-pastane-tezgahi-3","status":"publish","type":"product","link":"https:\/\/eglobalgastro.com\/?product=firin-pastane-tezgahi-3","title":{"rendered":"F\u0131r\u0131n Pastane Tezgah\u0131"},"content":{"rendered":"","protected":false},"excerpt":{"rendered":"","protected":false},"featured_media":7129,"comment_status":"open","ping_status":"closed","template":"","meta":{"_monsterinsights_skip_tracking":false,"_monsterinsights_sitenote_active":false,"_monsterinsights_sitenote_note":"","_monsterinsights_sitenote_category":0},"product_cat":[15,42,43,44,39,41,40],"product_tag":[],"class_list":{"0":"post-7128","1":"product","2":"type-product","3":"status-publish","4":"has-post-thumbnail","6":"product_cat-genel","7":"product_cat-baklavatezahi","8":"product_cat-accessories","9":"product_cat-gidahazirlama","10":"product_cat-gidasogutmasaklama","11":"product_cat-clocks","12":"product_cat-lighting","14":"first","15":"instock","16":"shipping-taxable","17":"product-type-simple"},"_links":{"self":[{"href":"https:\/\/eglobalgastro.com\/index.php?rest_route=\/wp\/v2\/product\/7128","targetHints":{"allow":["GET"]}}],"collection":[{"href":"https:\/\/eglobalgastro.com\/index.php?rest_route=\/wp\/v2\/product"}],"about":[{"href":"https:\/\/eglobalgastro.com\/index.php?rest_route=\/wp\/v2\/types\/product"}],"replies":[{"embeddable":true,"href":"https:\/\/eglobalgastro.com\/index.php?rest_route=%2Fwp%2Fv2%2Fcomments&post=7128"}],"version-history":[{"count":0,"href":"https:\/\/eglobalgastro.com\/index.php?rest_route=\/wp\/v2\/product\/7128\/revisions"}],"wp:featuredmedia":[{"embeddable":true,"href":"https:\/\/eglobalgastro.com\/index.php?rest_route=\/wp\/v2\/media\/7129"}],"wp:attachment":[{"href":"https:\/\/eglobalgastro.com\/index.php?rest_route=%2Fwp%2Fv2%2Fmedia&parent=7128"}],"wp:term":[{"taxonomy":"product_cat","embeddable":true,"href":"https:\/\/eglobalgastro.com\/index.php?rest_route=%2Fwp%2Fv2%2Fproduct_cat&post=7128"},{"taxonomy":"product_tag","embeddable":true,"href":"https:\/\/eglobalgastro.com\/index.php?rest_route=%2Fwp%2Fv2%2Fproduct_tag&post=7128"}],"curies":[{"name":"wp","href":"https:\/\/api.w.org\/{rel}","templated":true}]}}