{"id":7403,"date":"2021-05-02T18:44:53","date_gmt":"2021-05-02T15:44:53","guid":{"rendered":"https:\/\/avrupaemutfak.com\/?post_type=product&#038;p=7403"},"modified":"2021-05-02T18:44:53","modified_gmt":"2021-05-02T15:44:53","slug":"firin-pastane-tezgahi-26","status":"publish","type":"product","link":"https:\/\/eglobalgastro.com\/?product=firin-pastane-tezgahi-26","title":{"rendered":"F\u0131r\u0131n Pastane Tezgah\u0131"},"content":{"rendered":"","protected":false},"excerpt":{"rendered":"","protected":false},"featured_media":7404,"comment_status":"open","ping_status":"closed","template":"","meta":{"_monsterinsights_skip_tracking":false,"_monsterinsights_sitenote_active":false,"_monsterinsights_sitenote_note":"","_monsterinsights_sitenote_category":0},"product_cat":[15,42,43,44,39,41,40],"product_tag":[],"class_list":{"0":"post-7403","1":"product","2":"type-product","3":"status-publish","4":"has-post-thumbnail","6":"product_cat-genel","7":"product_cat-baklavatezahi","8":"product_cat-accessories","9":"product_cat-gidahazirlama","10":"product_cat-gidasogutmasaklama","11":"product_cat-clocks","12":"product_cat-lighting","14":"first","15":"instock","16":"shipping-taxable","17":"product-type-simple"},"_links":{"self":[{"href":"https:\/\/eglobalgastro.com\/index.php?rest_route=\/wp\/v2\/product\/7403","targetHints":{"allow":["GET"]}}],"collection":[{"href":"https:\/\/eglobalgastro.com\/index.php?rest_route=\/wp\/v2\/product"}],"about":[{"href":"https:\/\/eglobalgastro.com\/index.php?rest_route=\/wp\/v2\/types\/product"}],"replies":[{"embeddable":true,"href":"https:\/\/eglobalgastro.com\/index.php?rest_route=%2Fwp%2Fv2%2Fcomments&post=7403"}],"version-history":[{"count":1,"href":"https:\/\/eglobalgastro.com\/index.php?rest_route=\/wp\/v2\/product\/7403\/revisions"}],"predecessor-version":[{"id":7405,"href":"https:\/\/eglobalgastro.com\/index.php?rest_route=\/wp\/v2\/product\/7403\/revisions\/7405"}],"wp:featuredmedia":[{"embeddable":true,"href":"https:\/\/eglobalgastro.com\/index.php?rest_route=\/wp\/v2\/media\/7404"}],"wp:attachment":[{"href":"https:\/\/eglobalgastro.com\/index.php?rest_route=%2Fwp%2Fv2%2Fmedia&parent=7403"}],"wp:term":[{"taxonomy":"product_cat","embeddable":true,"href":"https:\/\/eglobalgastro.com\/index.php?rest_route=%2Fwp%2Fv2%2Fproduct_cat&post=7403"},{"taxonomy":"product_tag","embeddable":true,"href":"https:\/\/eglobalgastro.com\/index.php?rest_route=%2Fwp%2Fv2%2Fproduct_tag&post=7403"}],"curies":[{"name":"wp","href":"https:\/\/api.w.org\/{rel}","templated":true}]}}