{"id":7499,"date":"2021-05-02T19:14:00","date_gmt":"2021-05-02T16:14:00","guid":{"rendered":"https:\/\/avrupaemutfak.com\/?post_type=product&#038;p=7499"},"modified":"2024-12-15T01:32:59","modified_gmt":"2024-12-14T22:32:59","slug":"firin-pastane-tezgahi-40","status":"publish","type":"product","link":"https:\/\/eglobalgastro.com\/?product=firin-pastane-tezgahi-40","title":{"rendered":"F\u0131r\u0131n Pastane Tezgah\u0131"},"content":{"rendered":"","protected":false},"excerpt":{"rendered":"","protected":false},"featured_media":7500,"comment_status":"open","ping_status":"closed","template":"","meta":{"_monsterinsights_skip_tracking":false,"_monsterinsights_sitenote_active":false,"_monsterinsights_sitenote_note":"","_monsterinsights_sitenote_category":0},"product_cat":[15,42,43,44,39,41,40,64],"product_tag":[],"class_list":{"0":"post-7499","1":"product","2":"type-product","3":"status-publish","4":"has-post-thumbnail","6":"product_cat-genel","7":"product_cat-baklavatezahi","8":"product_cat-accessories","9":"product_cat-gidahazirlama","10":"product_cat-gidasogutmasaklama","11":"product_cat-clocks","12":"product_cat-lighting","13":"product_cat-yemek-tezgahi","15":"first","16":"instock","17":"shipping-taxable","18":"product-type-simple"},"_links":{"self":[{"href":"https:\/\/eglobalgastro.com\/index.php?rest_route=\/wp\/v2\/product\/7499","targetHints":{"allow":["GET"]}}],"collection":[{"href":"https:\/\/eglobalgastro.com\/index.php?rest_route=\/wp\/v2\/product"}],"about":[{"href":"https:\/\/eglobalgastro.com\/index.php?rest_route=\/wp\/v2\/types\/product"}],"replies":[{"embeddable":true,"href":"https:\/\/eglobalgastro.com\/index.php?rest_route=%2Fwp%2Fv2%2Fcomments&post=7499"}],"version-history":[{"count":1,"href":"https:\/\/eglobalgastro.com\/index.php?rest_route=\/wp\/v2\/product\/7499\/revisions"}],"predecessor-version":[{"id":7502,"href":"https:\/\/eglobalgastro.com\/index.php?rest_route=\/wp\/v2\/product\/7499\/revisions\/7502"}],"wp:featuredmedia":[{"embeddable":true,"href":"https:\/\/eglobalgastro.com\/index.php?rest_route=\/wp\/v2\/media\/7500"}],"wp:attachment":[{"href":"https:\/\/eglobalgastro.com\/index.php?rest_route=%2Fwp%2Fv2%2Fmedia&parent=7499"}],"wp:term":[{"taxonomy":"product_cat","embeddable":true,"href":"https:\/\/eglobalgastro.com\/index.php?rest_route=%2Fwp%2Fv2%2Fproduct_cat&post=7499"},{"taxonomy":"product_tag","embeddable":true,"href":"https:\/\/eglobalgastro.com\/index.php?rest_route=%2Fwp%2Fv2%2Fproduct_tag&post=7499"}],"curies":[{"name":"wp","href":"https:\/\/api.w.org\/{rel}","templated":true}]}}